{"id":27195,"date":"2024-10-21T10:21:51","date_gmt":"2024-10-21T15:21:51","guid":{"rendered":"https:\/\/senderosdelasultana.com\/?page_id=27195"},"modified":"2025-03-20T10:53:02","modified_gmt":"2025-03-20T15:53:02","slug":"politica-tratamiento-de-datos","status":"publish","type":"page","link":"https:\/\/senderosdelasultana.com\/index.php\/politica-tratamiento-de-datos\/","title":{"rendered":"POLITICA TRATAMIENTO DE DATOS"},"content":{"rendered":"<p>[et_pb_section fb_built=\u00bb1&#8243; admin_label=\u00bbSecci\u00f3n\u00bb _builder_version=\u00bb4.25.0&#8243; _module_preset=\u00bbdefault\u00bb background_image=\u00bbhttps:\/\/senderosdelasultana.com\/wp-content\/uploads\/2024\/10\/top.jpg\u00bb background_size=\u00bbstretch\u00bb background_position=\u00bbtop_center\u00bb min_height=\u00bb526px\u00bb custom_margin=\u00bb0px||0px||false|false\u00bb custom_padding=\u00bb0px||0px||false|false\u00bb background_last_edited=\u00bbon|phone\u00bb background_size_phone=\u00bbcover\u00bb box_shadow_style=\u00bbpreset6&#8243; global_colors_info=\u00bb{}\u00bb][\/et_pb_section][et_pb_section fb_built=\u00bb1&#8243; _builder_version=\u00bb4.25.0&#8243; _module_preset=\u00bbdefault\u00bb custom_margin=\u00bb0px||||false|false\u00bb custom_padding=\u00bb20px||||false|false\u00bb global_colors_info=\u00bb{}\u00bb][et_pb_row column_structure=\u00bb1_4,3_4&#8243; use_custom_gutter=\u00bbon\u00bb gutter_width=\u00bb1&#8243; make_equal=\u00bbon\u00bb _builder_version=\u00bb4.25.0&#8243; _module_preset=\u00bbdefault\u00bb width=\u00bb100%\u00bb max_width=\u00bb1280px\u00bb custom_margin=\u00bb10px||0px||false|false\u00bb custom_padding=\u00bb10px||0px||false|false\u00bb global_colors_info=\u00bb{}\u00bb][et_pb_column type=\u00bb1_4&#8243; _builder_version=\u00bb4.25.0&#8243; _module_preset=\u00bbdefault\u00bb global_colors_info=\u00bb{}\u00bb][et_pb_button button_url=\u00bb@ET-DC@eyJkeW5hbWljIjp0cnVlLCJjb250ZW50IjoicG9zdF9saW5rX3VybF9wYWdlIiwic2V0dGluZ3MiOnsicG9zdF9pZCI6IjY2In19@\u00bb button_text=\u00bbVolver\u00bb _builder_version=\u00bb4.25.0&#8243; _dynamic_attributes=\u00bbbutton_url\u00bb _module_preset=\u00bbdefault\u00bb custom_button=\u00bbon\u00bb button_text_size=\u00bb18px\u00bb button_text_color=\u00bb#004d45&#8243; button_bg_color=\u00bbRGBA(255,255,255,0)\u00bb button_border_color=\u00bb#004d45&#8243; button_icon=\u00bb&#x44;||divi||400&#8243; button_icon_placement=\u00bbleft\u00bb global_colors_info=\u00bb{}\u00bb][\/et_pb_button][\/et_pb_column][et_pb_column type=\u00bb3_4&#8243; _builder_version=\u00bb4.25.0&#8243; _module_preset=\u00bbdefault\u00bb global_colors_info=\u00bb{}\u00bb][et_pb_text _builder_version=\u00bb4.25.0&#8243; _module_preset=\u00bbdefault\u00bb text_font=\u00bbMont Book||||||||\u00bb text_text_color=\u00bb#000000&#8243; header_2_font=\u00bbMont Bold||||||||\u00bb custom_margin=\u00bb0px||0px||false|false\u00bb custom_padding=\u00bb0px||0px||false|false\u00bb global_colors_info=\u00bb{}\u00bb]<\/p>\n<p>&nbsp;<\/p>\n<h2>Pol\u00edtica de Tratamiento de Datos Personales de Senderos de la Sultana<\/h2>\n<p>&nbsp;<\/p>\n<p>En Senderos de la Sultana, respetamos y protegemos la privacidad de los datos personales de nuestros usuarios, clientes y dem\u00e1s partes interesadas. Esta pol\u00edtica establece los t\u00e9rminos en que tratamos los datos personales recopilados en nuestro sitio web, en cumplimiento de la Ley 1581 de 2012 y sus decretos reglamentarios.<\/p>\n<p><strong>Datos Personales Recopilados<\/strong><\/p>\n<p>Recopilamos los siguientes tipos de datos personales a trav\u00e9s de nuestros formularios y canales de comunicaci\u00f3n:<\/p>\n<ul>\n<li>Nombres y apellidos.<\/li>\n<li>Direcci\u00f3n de correo electr\u00f3nico.<\/li>\n<li>N\u00famero de tel\u00e9fono.<\/li>\n<li>Informaci\u00f3n sobre preferencias de compra y necesidades inmobiliarias.<\/li>\n<li>Cualquier otra informaci\u00f3n voluntariamente suministrada por el usuario.<\/li>\n<\/ul>\n<p><strong>Finalidad del Tratamiento de los Datos<\/strong><\/p>\n<p>Los datos personales ser\u00e1n utilizados para las siguientes finalidades:<\/p>\n<ul>\n<li>Proveer informaci\u00f3n sobre los proyectos inmobiliarios de Senderos de la Sultana.<\/li>\n<li>Atender consultas, solicitudes y reclamos.<\/li>\n<li>Gestionar el proceso de compra de inmuebles.<\/li>\n<li>Realizar estudios de mercado y an\u00e1lisis de preferencias.<\/li>\n<li>Enviar comunicaciones comerciales, novedades y promociones relacionadas con nuestros productos y servicios.<\/li>\n<\/ul>\n<p><strong>Derechos de los Titulares<\/strong><\/p>\n<p>Los titulares de los datos tienen derecho a:<\/p>\n<ul>\n<li>Conocer, actualizar y rectificar sus datos personales.<\/li>\n<li>Solicitar la prueba de la autorizaci\u00f3n otorgada para el tratamiento de sus datos.<\/li>\n<li>Ser informados sobre el uso que se ha dado a sus datos personales.<\/li>\n<li>Presentar quejas ante la Superintendencia de Industria y Comercio por infracciones a la ley.<\/li>\n<li>Revocar la autorizaci\u00f3n o solicitar la supresi\u00f3n de sus datos cuando no se respeten los principios y normas legales.<\/li>\n<\/ul>\n<p><strong>Seguridad de la Informaci\u00f3n<\/strong><\/p>\n<p>Implementamos medidas t\u00e9cnicas, administrativas y f\u00edsicas para garantizar la protecci\u00f3n de los datos personales contra el acceso no autorizado, uso indebido, p\u00e9rdida o alteraci\u00f3n.<\/p>\n<p><strong>Ejercicio de Derechos<\/strong><\/p>\n<p>Los titulares de los datos personales pueden ejercer sus derechos enviando una solicitud al correo electr\u00f3nico mediterraneo@mdtconstruye.com o a la direcci\u00f3n f\u00edsica<\/p>\n<p>Cra 23 # 53 &#8211; 76.<\/p>\n<p><strong>Vigencia de la Pol\u00edtica<\/strong><\/p>\n<p>Esta pol\u00edtica entra en vigencia a partir de la fecha de publicaci\u00f3n y permanecer\u00e1 vigente mientras Senderos de la Sultana realice el tratamiento de datos personales.<\/p>\n<p>[\/et_pb_text][\/et_pb_column][\/et_pb_row][\/et_pb_section]<\/p>\n","protected":false},"excerpt":{"rendered":"<p>&nbsp; Pol\u00edtica de Tratamiento de Datos Personales de Senderos de la Sultana &nbsp; En Senderos de la Sultana, respetamos y protegemos la privacidad de los datos personales de nuestros usuarios, clientes y dem\u00e1s partes interesadas. Esta pol\u00edtica establece los t\u00e9rminos en que tratamos los datos personales recopilados en nuestro sitio web, en cumplimiento de la [&hellip;]<\/p>\n","protected":false},"author":1,"featured_media":0,"parent":0,"menu_order":0,"comment_status":"closed","ping_status":"closed","template":"","meta":{"_et_pb_use_builder":"on","_et_pb_old_content":"","_et_gb_content_width":"","_joinchat":[],"footnotes":""},"class_list":["post-27195","page","type-page","status-publish","hentry"],"_links":{"self":[{"href":"https:\/\/senderosdelasultana.com\/index.php\/wp-json\/wp\/v2\/pages\/27195","targetHints":{"allow":["GET"]}}],"collection":[{"href":"https:\/\/senderosdelasultana.com\/index.php\/wp-json\/wp\/v2\/pages"}],"about":[{"href":"https:\/\/senderosdelasultana.com\/index.php\/wp-json\/wp\/v2\/types\/page"}],"author":[{"embeddable":true,"href":"https:\/\/senderosdelasultana.com\/index.php\/wp-json\/wp\/v2\/users\/1"}],"replies":[{"embeddable":true,"href":"https:\/\/senderosdelasultana.com\/index.php\/wp-json\/wp\/v2\/comments?post=27195"}],"version-history":[{"count":20,"href":"https:\/\/senderosdelasultana.com\/index.php\/wp-json\/wp\/v2\/pages\/27195\/revisions"}],"predecessor-version":[{"id":27510,"href":"https:\/\/senderosdelasultana.com\/index.php\/wp-json\/wp\/v2\/pages\/27195\/revisions\/27510"}],"wp:attachment":[{"href":"https:\/\/senderosdelasultana.com\/index.php\/wp-json\/wp\/v2\/media?parent=27195"}],"curies":[{"name":"wp","href":"https:\/\/api.w.org\/{rel}","templated":true}]}}